{"id":46,"date":"2026-03-15T15:30:43","date_gmt":"2026-03-15T15:30:43","guid":{"rendered":"https:\/\/piloteka.pl\/?page_id=46"},"modified":"2026-03-22T17:10:04","modified_gmt":"2026-03-22T17:10:04","slug":"kontakt","status":"publish","type":"page","link":"https:\/\/piloteka.pl\/?page_id=46","title":{"rendered":"Kontakt"},"content":{"rendered":"\n<p>ul. Kuku\u0142cza 4F <br>43-374 Buczkowice<\/p>\n\n\n\n<p><a href=\"tel:+48732351090\">tel: 732 351 090<\/a><br><a href=\"mail:studio@piloteka.pl\" type=\"link\" id=\"mail:\/\/karolina.koziel84@gmail.com\" target=\"_blank\" rel=\"noreferrer noopener\">mail: studio@piloteka.pl<\/a><\/p>\n\n\n\n<p><strong>Zapraszamy Bielsko-Bia\u0142\u0105, Szczyrk i okolice<\/strong><\/p>\n\n\n\n<p class=\"has-x-large-font-size\">Jak dojecha\u0107:<\/p>\n\n\n<style type=\"text\/css\" id=\"gmpMapStyles_1_14371\">\r\n\t#google_map_easy_1_14371 {\r\n        width: 100%;\r\n        height: 250px;\r\n\t\t\t\t\t\t    }\r\n\t#gmapControlsNum_1_14371 {\r\n\t\twidth:100%\t}\r\n\t.gmpMapDetailsContainer#gmpMapDetailsContainer_1_14371 {\r\n\t\theight:250px;\r\n\t}\r\n\t.gmp_MapPreview#google_map_easy_1_14371 {\r\n\t\t\/*position:absolute;*\/\r\n\t\twidth: 100%;\r\n\t}\r\n\t#mapConElem_1_14371{\r\n\t\twidth: 100%\t}\r\n    .gm-style .gm-style-iw-c{\r\n        padding: 12px!important;\r\n    }\r\n\t    <\/style>\r\n <div class=\"gmp_map_opts\" id=\"mapConElem_1_14371\" data-id=\"1\" data-view-id=\"1_14371\" > <div class=\"gmpMapDetailsContainer\" id=\"gmpMapDetailsContainer_1_14371\"> <i class=\"gmpKMLLayersPreloader fa fa-spinner fa-spin\" aria-hidden=\"true\" style=\"display: none;\"><\/i> <div class=\"gmp_MapPreview \" id=\"google_map_easy_1_14371\"><\/div> <\/div> <div class=\"gmpMapMarkerFilters\" id=\"gmpMapMarkerFilters_1_14371\"> <\/div> <div class=\"gmpMapProControlsCon\" id=\"gmpMapProControlsCon_1_14371\"> <a title=\"WordPress Map Plugin\" style=\"display:none;\" href=\"https:\/\/supsystic.com\/plugins\/google-maps-plugin\/?utm_medium=love_link_hide\" target=\"_blank\">WordPress Map Plugin<\/a><div style=\"clear: both;\"><\/div> <\/div> <div class=\"gmpMapProDirectionsCon\" id=\"gmpMapProDirectionsCon_1_14371\" > <\/div> <div class=\"gmpMapProKmlFilterCon\" id=\"gmpMapProKmlFilterCon_1_14371\" > <\/div> <div class=\"gmpSocialSharingShell gmpSocialSharingShell_1_14371\"> <\/div> <div style=\"clear: both;\"><\/div> <\/div> \n\n\n\n<p><\/p>\n","protected":false},"excerpt":{"rendered":"<p>ul. Kuku\u0142cza 4F 43-374 Buczkowice tel: 732 351 090mail: studio@piloteka.pl Zapraszamy Bielsko-Bia\u0142\u0105, Szczyrk i okolice Jak dojecha\u0107:<\/p>\n","protected":false},"author":1,"featured_media":0,"parent":0,"menu_order":0,"comment_status":"closed","ping_status":"closed","template":"","meta":{"footnotes":""},"class_list":["post-46","page","type-page","status-publish","hentry"],"yoast_head":"<!-- This site is optimized with the Yoast SEO plugin v27.3 - https:\/\/yoast.com\/product\/yoast-seo-wordpress\/ -->\n<title>Kontakt - Piloteka<\/title>\n<meta name=\"robots\" content=\"index, follow, max-snippet:-1, max-image-preview:large, max-video-preview:-1\" \/>\n<link rel=\"canonical\" href=\"https:\/\/piloteka.pl\/?page_id=46\" \/>\n<meta property=\"og:locale\" content=\"pl_PL\" \/>\n<meta property=\"og:type\" content=\"article\" \/>\n<meta property=\"og:title\" content=\"Kontakt - Piloteka\" \/>\n<meta property=\"og:description\" content=\"ul. Kuku\u0142cza 4F 43-374 Buczkowice tel: 732 351 090mail: studio@piloteka.pl Zapraszamy Bielsko-Bia\u0142\u0105, Szczyrk i okolice Jak dojecha\u0107:\" \/>\n<meta property=\"og:url\" content=\"https:\/\/piloteka.pl\/?page_id=46\" \/>\n<meta property=\"og:site_name\" content=\"Piloteka\" \/>\n<meta property=\"article:modified_time\" content=\"2026-03-22T17:10:04+00:00\" \/>\n<meta name=\"twitter:card\" content=\"summary_large_image\" \/>\n<meta name=\"twitter:label1\" content=\"Szacowany czas czytania\" \/>\n\t<meta name=\"twitter:data1\" content=\"1 minuta\" \/>\n<script type=\"application\/ld+json\" class=\"yoast-schema-graph\">{\"@context\":\"https:\\\/\\\/schema.org\",\"@graph\":[{\"@type\":\"WebPage\",\"@id\":\"https:\\\/\\\/piloteka.pl\\\/?page_id=46\",\"url\":\"https:\\\/\\\/piloteka.pl\\\/?page_id=46\",\"name\":\"Kontakt - Piloteka\",\"isPartOf\":{\"@id\":\"https:\\\/\\\/piloteka.pl\\\/#website\"},\"datePublished\":\"2026-03-15T15:30:43+00:00\",\"dateModified\":\"2026-03-22T17:10:04+00:00\",\"breadcrumb\":{\"@id\":\"https:\\\/\\\/piloteka.pl\\\/?page_id=46#breadcrumb\"},\"inLanguage\":\"pl-PL\",\"potentialAction\":[{\"@type\":\"ReadAction\",\"target\":[\"https:\\\/\\\/piloteka.pl\\\/?page_id=46\"]}]},{\"@type\":\"BreadcrumbList\",\"@id\":\"https:\\\/\\\/piloteka.pl\\\/?page_id=46#breadcrumb\",\"itemListElement\":[{\"@type\":\"ListItem\",\"position\":1,\"name\":\"Strona g\u0142\u00f3wna\",\"item\":\"https:\\\/\\\/piloteka.pl\\\/\"},{\"@type\":\"ListItem\",\"position\":2,\"name\":\"Kontakt\"}]},{\"@type\":\"WebSite\",\"@id\":\"https:\\\/\\\/piloteka.pl\\\/#website\",\"url\":\"https:\\\/\\\/piloteka.pl\\\/\",\"name\":\"Piloteka\",\"description\":\"Twoje cia\u0142o. Twoja r\u00f3wnowaga. Nasza precyzja.\",\"publisher\":{\"@id\":\"https:\\\/\\\/piloteka.pl\\\/#organization\"},\"potentialAction\":[{\"@type\":\"SearchAction\",\"target\":{\"@type\":\"EntryPoint\",\"urlTemplate\":\"https:\\\/\\\/piloteka.pl\\\/?s={search_term_string}\"},\"query-input\":{\"@type\":\"PropertyValueSpecification\",\"valueRequired\":true,\"valueName\":\"search_term_string\"}}],\"inLanguage\":\"pl-PL\"},{\"@type\":\"Organization\",\"@id\":\"https:\\\/\\\/piloteka.pl\\\/#organization\",\"name\":\"Piloteka Klasyczny Pilates\",\"url\":\"https:\\\/\\\/piloteka.pl\\\/\",\"logo\":{\"@type\":\"ImageObject\",\"inLanguage\":\"pl-PL\",\"@id\":\"https:\\\/\\\/piloteka.pl\\\/#\\\/schema\\\/logo\\\/image\\\/\",\"url\":\"https:\\\/\\\/piloteka.pl\\\/wp-content\\\/uploads\\\/2026\\\/03\\\/Logo-piloteka-1.jpeg\",\"contentUrl\":\"https:\\\/\\\/piloteka.pl\\\/wp-content\\\/uploads\\\/2026\\\/03\\\/Logo-piloteka-1.jpeg\",\"width\":1024,\"height\":1024,\"caption\":\"Piloteka Klasyczny Pilates\"},\"image\":{\"@id\":\"https:\\\/\\\/piloteka.pl\\\/#\\\/schema\\\/logo\\\/image\\\/\"},\"sameAs\":[\"https:\\\/\\\/www.instagram.com\\\/piloteka_klasyczny_pilates\\\/\"]}]}<\/script>\n<!-- \/ Yoast SEO plugin. -->","yoast_head_json":{"title":"Kontakt - Piloteka","robots":{"index":"index","follow":"follow","max-snippet":"max-snippet:-1","max-image-preview":"max-image-preview:large","max-video-preview":"max-video-preview:-1"},"canonical":"https:\/\/piloteka.pl\/?page_id=46","og_locale":"pl_PL","og_type":"article","og_title":"Kontakt - Piloteka","og_description":"ul. Kuku\u0142cza 4F 43-374 Buczkowice tel: 732 351 090mail: studio@piloteka.pl Zapraszamy Bielsko-Bia\u0142\u0105, Szczyrk i okolice Jak dojecha\u0107:","og_url":"https:\/\/piloteka.pl\/?page_id=46","og_site_name":"Piloteka","article_modified_time":"2026-03-22T17:10:04+00:00","twitter_card":"summary_large_image","twitter_misc":{"Szacowany czas czytania":"1 minuta"},"schema":{"@context":"https:\/\/schema.org","@graph":[{"@type":"WebPage","@id":"https:\/\/piloteka.pl\/?page_id=46","url":"https:\/\/piloteka.pl\/?page_id=46","name":"Kontakt - Piloteka","isPartOf":{"@id":"https:\/\/piloteka.pl\/#website"},"datePublished":"2026-03-15T15:30:43+00:00","dateModified":"2026-03-22T17:10:04+00:00","breadcrumb":{"@id":"https:\/\/piloteka.pl\/?page_id=46#breadcrumb"},"inLanguage":"pl-PL","potentialAction":[{"@type":"ReadAction","target":["https:\/\/piloteka.pl\/?page_id=46"]}]},{"@type":"BreadcrumbList","@id":"https:\/\/piloteka.pl\/?page_id=46#breadcrumb","itemListElement":[{"@type":"ListItem","position":1,"name":"Strona g\u0142\u00f3wna","item":"https:\/\/piloteka.pl\/"},{"@type":"ListItem","position":2,"name":"Kontakt"}]},{"@type":"WebSite","@id":"https:\/\/piloteka.pl\/#website","url":"https:\/\/piloteka.pl\/","name":"Piloteka","description":"Twoje cia\u0142o. Twoja r\u00f3wnowaga. Nasza precyzja.","publisher":{"@id":"https:\/\/piloteka.pl\/#organization"},"potentialAction":[{"@type":"SearchAction","target":{"@type":"EntryPoint","urlTemplate":"https:\/\/piloteka.pl\/?s={search_term_string}"},"query-input":{"@type":"PropertyValueSpecification","valueRequired":true,"valueName":"search_term_string"}}],"inLanguage":"pl-PL"},{"@type":"Organization","@id":"https:\/\/piloteka.pl\/#organization","name":"Piloteka Klasyczny Pilates","url":"https:\/\/piloteka.pl\/","logo":{"@type":"ImageObject","inLanguage":"pl-PL","@id":"https:\/\/piloteka.pl\/#\/schema\/logo\/image\/","url":"https:\/\/piloteka.pl\/wp-content\/uploads\/2026\/03\/Logo-piloteka-1.jpeg","contentUrl":"https:\/\/piloteka.pl\/wp-content\/uploads\/2026\/03\/Logo-piloteka-1.jpeg","width":1024,"height":1024,"caption":"Piloteka Klasyczny Pilates"},"image":{"@id":"https:\/\/piloteka.pl\/#\/schema\/logo\/image\/"},"sameAs":["https:\/\/www.instagram.com\/piloteka_klasyczny_pilates\/"]}]}},"_links":{"self":[{"href":"https:\/\/piloteka.pl\/index.php?rest_route=\/wp\/v2\/pages\/46","targetHints":{"allow":["GET"]}}],"collection":[{"href":"https:\/\/piloteka.pl\/index.php?rest_route=\/wp\/v2\/pages"}],"about":[{"href":"https:\/\/piloteka.pl\/index.php?rest_route=\/wp\/v2\/types\/page"}],"author":[{"embeddable":true,"href":"https:\/\/piloteka.pl\/index.php?rest_route=\/wp\/v2\/users\/1"}],"replies":[{"embeddable":true,"href":"https:\/\/piloteka.pl\/index.php?rest_route=%2Fwp%2Fv2%2Fcomments&post=46"}],"version-history":[{"count":13,"href":"https:\/\/piloteka.pl\/index.php?rest_route=\/wp\/v2\/pages\/46\/revisions"}],"predecessor-version":[{"id":85,"href":"https:\/\/piloteka.pl\/index.php?rest_route=\/wp\/v2\/pages\/46\/revisions\/85"}],"wp:attachment":[{"href":"https:\/\/piloteka.pl\/index.php?rest_route=%2Fwp%2Fv2%2Fmedia&parent=46"}],"curies":[{"name":"wp","href":"https:\/\/api.w.org\/{rel}","templated":true}]}}